{"id":8,"date":"2023-04-14T15:15:12","date_gmt":"2023-04-14T13:15:12","guid":{"rendered":"https:\/\/www.diejungenoriginaloberkrainer.com\/musikband\/?page_id=8"},"modified":"2026-02-28T09:46:13","modified_gmt":"2026-02-28T08:46:13","slug":"diejungenoriginaloberkrainer-musikband-aus-slowenien","status":"publish","type":"page","link":"https:\/\/www.diejungenoriginaloberkrainer.com\/musikband\/","title":{"rendered":"HOME"},"content":{"rendered":"\n<div class=\"wp-block-columns alignfull is-layout-flex wp-container-core-columns-is-layout-9d6595d7 wp-block-columns-is-layout-flex\">\n<div class=\"wp-block-column is-layout-flow wp-block-column-is-layout-flow\" style=\"flex-basis:50%\">\n<div class=\"wp-block-cover is-light\" style=\"min-height:600px;aspect-ratio:unset;\"><span aria-hidden=\"true\" class=\"wp-block-cover__background has-background-dim-100 has-background-dim\" style=\"background-color:#f6f6f6\"><\/span><div class=\"wp-block-cover__inner-container is-layout-flow wp-block-cover-is-layout-flow\"><div class=\"wp-block-image\">\n<figure class=\"aligncenter size-full\"><img loading=\"lazy\" decoding=\"async\" width=\"473\" height=\"347\" src=\"https:\/\/www.diejungenoriginaloberkrainer.com\/musikband\/wp-content\/uploads\/2023\/04\/start1.jpg\" alt=\"\" class=\"wp-image-38\" srcset=\"https:\/\/www.diejungenoriginaloberkrainer.com\/musikband\/wp-content\/uploads\/2023\/04\/start1.jpg 473w, https:\/\/www.diejungenoriginaloberkrainer.com\/musikband\/wp-content\/uploads\/2023\/04\/start1-300x220.jpg 300w\" sizes=\"auto, (max-width: 473px) 100vw, 473px\" \/><\/figure>\n<\/div><\/div><\/div>\n<\/div>\n\n\n\n<div class=\"wp-block-column is-vertically-aligned-center is-layout-flow wp-block-column-is-layout-flow\" style=\"padding-top:1em;padding-right:1em;padding-bottom:1em;padding-left:1em\">\n<div class=\"wp-block-columns is-layout-flex wp-container-core-columns-is-layout-9d6595d7 wp-block-columns-is-layout-flex\">\n<div class=\"wp-block-column is-layout-flow wp-block-column-is-layout-flow\" style=\"flex-basis:320px\">\n<p class=\"has-vivid-red-color has-text-color has-medium-font-size\" style=\"line-height:1.6\">Willkommen<\/p>\n\n\n\n<p>Ein Jahr nach dem Verlust unseres Freundes und Bandmitglieds Franci tragen wir ihn weiterhin in unseren Herzen \u2013 als Musiker, als Wegbegleiter und als festen Teil der Jungen Original Oberkrainer. Seine Erinnerung gibt uns Kraft und begleitet uns auf unserem Weg.<\/p>\n\n\n\n<p>Jetzt schlagen wir ein neues Kapitel auf. Die Jungen Original Oberkrainer sind zur\u00fcck \u2013 in neuer und voller Besetzung, mit frischer Energie, gro\u00dfer Spielfreude und echter Leidenschaft f\u00fcr die Oberkrainer-Musik. Wir freuen uns darauf, wieder auf der B\u00fchne zu stehen, Musik zu leben und diese besondere Stimmung mit unserem Publikum zu teilen. Neue Abenteuer, neue Orte und viele musikalische Reisen liegen vor uns \u2013 und wir sind bereit, sie mit Herz, Schwung und Begeisterung anzugehen. Die Zukunft klingt nach Musik, Freude und gemeinsamen Momenten \u2013 sch\u00f6n, dass ihr dabei seid!<\/p>\n\n\n\n<p class=\"has-small-font-size\">\u00abDie Jungen Original Oberkrainer\u00bb, \u0441\u043e\u0437\u0434\u0430\u043d\u043d\u044b\u0439 \u0438 \u043f\u0440\u043e\u0432\u0435\u0440\u0435\u043d\u043d\u044b\u0439 \u0432 Slowenien unter \u00abGA\u0160PERJI\u00bb, \u043b\u0443\u0447\u0448\u0438\u0439 \u0438\u0437 Quintett seit 1989. In dieser Zeit ist auch Slavko Avsenik auf Sie aufmerksam geworden. Die langj\u00e4hrige Zusammenarbeit beginn mit dem neuen bis heute international bekannten Namen \u00abDie Jungen Original Oberkrainer\u00bb. Slavko Avsenik benannte Sie 1992 auch offiziell zu seinen Nachfolgern der \u201eOriginal Oberkrainer\u201c und komponierte und arrangierte mit Ihnen und f\u00fcr Sie eine Vielzahl von neuen Melodien.<\/p>\n\n\n\n<p class=\"has-small-font-size\">2013 \u00fcbernahm der Akkordeon-Virtuose und Komponist Toma\u017e Hribar die Leitung der Formation.<\/p>\n\n\n\n<p class=\"has-small-font-size\">Der neue und frische Sound, nach dem Vorbild von Slavko Avsenik, erfreut mehr denn je mit Konzerten in Deutschland, \u00d6sterreich, der Schweiz, den Niederlanden und nat\u00fcrlich in Slowenien alle Freunde der Oberkrainer Musik.<\/p>\n\n\n\n<div class=\"wp-block-buttons is-layout-flex wp-block-buttons-is-layout-flex\">\n<div class=\"wp-block-button\"><a class=\"wp-block-button__link wp-element-button\" href=\"https:\/\/www.diejungenoriginaloberkrainer.com\/musikband\/die-mitglieder\/\" target=\"_blank\" rel=\"noreferrer noopener\">Mehr erfahren&#8211;&gt;<\/a><\/div>\n<\/div>\n<\/div>\n<\/div>\n<\/div>\n<\/div>\n","protected":false},"excerpt":{"rendered":"<p>Willkommen Ein Jahr nach dem Verlust unseres Freundes und Bandmitglieds Franci tragen wir ihn weiterhin in unseren Herzen \u2013 als Musiker, als Wegbegleiter und als festen Teil der Jungen Original Oberkrainer. Seine Erinnerung gibt uns Kraft und begleitet uns auf unserem Weg. Jetzt schlagen wir ein neues Kapitel auf. Die Jungen Original Oberkrainer sind zur\u00fcck &hellip; <\/p>\n<p class=\"link-more\"><a href=\"https:\/\/www.diejungenoriginaloberkrainer.com\/musikband\/\" class=\"more-link\"><span class=\"screen-reader-text\">\u201eHOME\u201c <\/span>weiterlesen<\/a><\/p>\n","protected":false},"author":1,"featured_media":151,"parent":0,"menu_order":0,"comment_status":"closed","ping_status":"closed","template":"","meta":{"footnotes":""},"class_list":["post-8","page","type-page","status-publish","has-post-thumbnail","hentry"],"yoast_head":"<!-- This site is optimized with the Yoast SEO plugin v27.0 - https:\/\/yoast.com\/product\/yoast-seo-wordpress\/ -->\n<title>HOME - Die Jungen ORIGINAL OBERKRAINER<\/title>\n<meta name=\"description\" content=\"Kultband aus Slowenien. Die Musikband spielt Schlager und Volksmusik. Als Musikgruppe spielten sie in der USA, vor dem Papst Johannes Paul.\" \/>\n<meta name=\"robots\" content=\"index, follow, max-snippet:-1, max-image-preview:large, max-video-preview:-1\" \/>\n<link rel=\"canonical\" href=\"https:\/\/www.diejungenoriginaloberkrainer.com\/musikband\/\" \/>\n<meta property=\"og:locale\" content=\"de_DE\" \/>\n<meta property=\"og:type\" content=\"article\" \/>\n<meta property=\"og:title\" content=\"HOME - Die Jungen ORIGINAL OBERKRAINER\" \/>\n<meta property=\"og:description\" content=\"Kultband aus Slowenien. Die Musikband spielt Schlager und Volksmusik. Als Musikgruppe spielten sie in der USA, vor dem Papst Johannes Paul.\" \/>\n<meta property=\"og:url\" content=\"https:\/\/www.diejungenoriginaloberkrainer.com\/musikband\/\" \/>\n<meta property=\"og:site_name\" content=\"Die Jungen ORIGINAL OBERKRAINER\" \/>\n<meta property=\"article:publisher\" content=\"https:\/\/de-de.facebook.com\/diejungenoriginaloberkrainer\/\" \/>\n<meta property=\"article:modified_time\" content=\"2026-02-28T08:46:13+00:00\" \/>\n<meta property=\"og:image\" content=\"https:\/\/www.diejungenoriginaloberkrainer.com\/musikband\/wp-content\/uploads\/2026\/02\/slider-1.jpg\" \/>\n\t<meta property=\"og:image:width\" content=\"1696\" \/>\n\t<meta property=\"og:image:height\" content=\"761\" \/>\n\t<meta property=\"og:image:type\" content=\"image\/jpeg\" \/>\n<meta name=\"twitter:card\" content=\"summary_large_image\" \/>\n<meta name=\"twitter:label1\" content=\"Gesch\u00e4tzte Lesezeit\" \/>\n\t<meta name=\"twitter:data1\" content=\"2\u00a0Minuten\" \/>\n<script type=\"application\/ld+json\" class=\"yoast-schema-graph\">{\"@context\":\"https:\/\/schema.org\",\"@graph\":[{\"@type\":\"WebPage\",\"@id\":\"https:\/\/www.diejungenoriginaloberkrainer.com\/musikband\/\",\"url\":\"https:\/\/www.diejungenoriginaloberkrainer.com\/musikband\/\",\"name\":\"HOME - Die Jungen ORIGINAL OBERKRAINER\",\"isPartOf\":{\"@id\":\"https:\/\/www.diejungenoriginaloberkrainer.com\/musikband\/#website\"},\"primaryImageOfPage\":{\"@id\":\"https:\/\/www.diejungenoriginaloberkrainer.com\/musikband\/#primaryimage\"},\"image\":{\"@id\":\"https:\/\/www.diejungenoriginaloberkrainer.com\/musikband\/#primaryimage\"},\"thumbnailUrl\":\"https:\/\/www.diejungenoriginaloberkrainer.com\/musikband\/wp-content\/uploads\/2026\/02\/slider-1.jpg\",\"datePublished\":\"2023-04-14T13:15:12+00:00\",\"dateModified\":\"2026-02-28T08:46:13+00:00\",\"description\":\"Kultband aus Slowenien. Die Musikband spielt Schlager und Volksmusik. Als Musikgruppe spielten sie in der USA, vor dem Papst Johannes Paul.\",\"breadcrumb\":{\"@id\":\"https:\/\/www.diejungenoriginaloberkrainer.com\/musikband\/#breadcrumb\"},\"inLanguage\":\"de\",\"potentialAction\":[{\"@type\":\"ReadAction\",\"target\":[\"https:\/\/www.diejungenoriginaloberkrainer.com\/musikband\/\"]}]},{\"@type\":\"ImageObject\",\"inLanguage\":\"de\",\"@id\":\"https:\/\/www.diejungenoriginaloberkrainer.com\/musikband\/#primaryimage\",\"url\":\"https:\/\/www.diejungenoriginaloberkrainer.com\/musikband\/wp-content\/uploads\/2026\/02\/slider-1.jpg\",\"contentUrl\":\"https:\/\/www.diejungenoriginaloberkrainer.com\/musikband\/wp-content\/uploads\/2026\/02\/slider-1.jpg\",\"width\":1696,\"height\":761,\"caption\":\"Musikband aus Slowenien\"},{\"@type\":\"BreadcrumbList\",\"@id\":\"https:\/\/www.diejungenoriginaloberkrainer.com\/musikband\/#breadcrumb\",\"itemListElement\":[{\"@type\":\"ListItem\",\"position\":1,\"name\":\"Start\",\"item\":\"https:\/\/www.diejungenoriginaloberkrainer.com\/musikband\/\"},{\"@type\":\"ListItem\",\"position\":2,\"name\":\"HOME\"}]},{\"@type\":\"WebSite\",\"@id\":\"https:\/\/www.diejungenoriginaloberkrainer.com\/musikband\/#website\",\"url\":\"https:\/\/www.diejungenoriginaloberkrainer.com\/musikband\/\",\"name\":\"Die Jungen ORIGINAL OBERKRAINER\",\"description\":\"Kultband aus Slowenien\",\"publisher\":{\"@id\":\"https:\/\/www.diejungenoriginaloberkrainer.com\/musikband\/#organization\"},\"potentialAction\":[{\"@type\":\"SearchAction\",\"target\":{\"@type\":\"EntryPoint\",\"urlTemplate\":\"https:\/\/www.diejungenoriginaloberkrainer.com\/musikband\/?s={search_term_string}\"},\"query-input\":{\"@type\":\"PropertyValueSpecification\",\"valueRequired\":true,\"valueName\":\"search_term_string\"}}],\"inLanguage\":\"de\"},{\"@type\":\"Organization\",\"@id\":\"https:\/\/www.diejungenoriginaloberkrainer.com\/musikband\/#organization\",\"name\":\"Die Jungen ORIGINAL OBERKRAINER\",\"url\":\"https:\/\/www.diejungenoriginaloberkrainer.com\/musikband\/\",\"logo\":{\"@type\":\"ImageObject\",\"inLanguage\":\"de\",\"@id\":\"https:\/\/www.diejungenoriginaloberkrainer.com\/musikband\/#\/schema\/logo\/image\/\",\"url\":\"https:\/\/www.diejungenoriginaloberkrainer.com\/musikband\/wp-content\/uploads\/2026\/02\/diejungenoriginaloberkraine.jpg\",\"contentUrl\":\"https:\/\/www.diejungenoriginaloberkrainer.com\/musikband\/wp-content\/uploads\/2026\/02\/diejungenoriginaloberkraine.jpg\",\"width\":322,\"height\":104,\"caption\":\"Die Jungen ORIGINAL OBERKRAINER\"},\"image\":{\"@id\":\"https:\/\/www.diejungenoriginaloberkrainer.com\/musikband\/#\/schema\/logo\/image\/\"},\"sameAs\":[\"https:\/\/de-de.facebook.com\/diejungenoriginaloberkrainer\/\",\"https:\/\/www.youtube.com\/channel\/UCADHLQAZsoYhE_ei5RC40Ug\"]}]}<\/script>\n<!-- \/ Yoast SEO plugin. -->","yoast_head_json":{"title":"HOME - Die Jungen ORIGINAL OBERKRAINER","description":"Kultband aus Slowenien. Die Musikband spielt Schlager und Volksmusik. Als Musikgruppe spielten sie in der USA, vor dem Papst Johannes Paul.","robots":{"index":"index","follow":"follow","max-snippet":"max-snippet:-1","max-image-preview":"max-image-preview:large","max-video-preview":"max-video-preview:-1"},"canonical":"https:\/\/www.diejungenoriginaloberkrainer.com\/musikband\/","og_locale":"de_DE","og_type":"article","og_title":"HOME - Die Jungen ORIGINAL OBERKRAINER","og_description":"Kultband aus Slowenien. Die Musikband spielt Schlager und Volksmusik. Als Musikgruppe spielten sie in der USA, vor dem Papst Johannes Paul.","og_url":"https:\/\/www.diejungenoriginaloberkrainer.com\/musikband\/","og_site_name":"Die Jungen ORIGINAL OBERKRAINER","article_publisher":"https:\/\/de-de.facebook.com\/diejungenoriginaloberkrainer\/","article_modified_time":"2026-02-28T08:46:13+00:00","og_image":[{"width":1696,"height":761,"url":"https:\/\/www.diejungenoriginaloberkrainer.com\/musikband\/wp-content\/uploads\/2026\/02\/slider-1.jpg","type":"image\/jpeg"}],"twitter_card":"summary_large_image","twitter_misc":{"Gesch\u00e4tzte Lesezeit":"2\u00a0Minuten"},"schema":{"@context":"https:\/\/schema.org","@graph":[{"@type":"WebPage","@id":"https:\/\/www.diejungenoriginaloberkrainer.com\/musikband\/","url":"https:\/\/www.diejungenoriginaloberkrainer.com\/musikband\/","name":"HOME - Die Jungen ORIGINAL OBERKRAINER","isPartOf":{"@id":"https:\/\/www.diejungenoriginaloberkrainer.com\/musikband\/#website"},"primaryImageOfPage":{"@id":"https:\/\/www.diejungenoriginaloberkrainer.com\/musikband\/#primaryimage"},"image":{"@id":"https:\/\/www.diejungenoriginaloberkrainer.com\/musikband\/#primaryimage"},"thumbnailUrl":"https:\/\/www.diejungenoriginaloberkrainer.com\/musikband\/wp-content\/uploads\/2026\/02\/slider-1.jpg","datePublished":"2023-04-14T13:15:12+00:00","dateModified":"2026-02-28T08:46:13+00:00","description":"Kultband aus Slowenien. Die Musikband spielt Schlager und Volksmusik. Als Musikgruppe spielten sie in der USA, vor dem Papst Johannes Paul.","breadcrumb":{"@id":"https:\/\/www.diejungenoriginaloberkrainer.com\/musikband\/#breadcrumb"},"inLanguage":"de","potentialAction":[{"@type":"ReadAction","target":["https:\/\/www.diejungenoriginaloberkrainer.com\/musikband\/"]}]},{"@type":"ImageObject","inLanguage":"de","@id":"https:\/\/www.diejungenoriginaloberkrainer.com\/musikband\/#primaryimage","url":"https:\/\/www.diejungenoriginaloberkrainer.com\/musikband\/wp-content\/uploads\/2026\/02\/slider-1.jpg","contentUrl":"https:\/\/www.diejungenoriginaloberkrainer.com\/musikband\/wp-content\/uploads\/2026\/02\/slider-1.jpg","width":1696,"height":761,"caption":"Musikband aus Slowenien"},{"@type":"BreadcrumbList","@id":"https:\/\/www.diejungenoriginaloberkrainer.com\/musikband\/#breadcrumb","itemListElement":[{"@type":"ListItem","position":1,"name":"Start","item":"https:\/\/www.diejungenoriginaloberkrainer.com\/musikband\/"},{"@type":"ListItem","position":2,"name":"HOME"}]},{"@type":"WebSite","@id":"https:\/\/www.diejungenoriginaloberkrainer.com\/musikband\/#website","url":"https:\/\/www.diejungenoriginaloberkrainer.com\/musikband\/","name":"Die Jungen ORIGINAL OBERKRAINER","description":"Kultband aus Slowenien","publisher":{"@id":"https:\/\/www.diejungenoriginaloberkrainer.com\/musikband\/#organization"},"potentialAction":[{"@type":"SearchAction","target":{"@type":"EntryPoint","urlTemplate":"https:\/\/www.diejungenoriginaloberkrainer.com\/musikband\/?s={search_term_string}"},"query-input":{"@type":"PropertyValueSpecification","valueRequired":true,"valueName":"search_term_string"}}],"inLanguage":"de"},{"@type":"Organization","@id":"https:\/\/www.diejungenoriginaloberkrainer.com\/musikband\/#organization","name":"Die Jungen ORIGINAL OBERKRAINER","url":"https:\/\/www.diejungenoriginaloberkrainer.com\/musikband\/","logo":{"@type":"ImageObject","inLanguage":"de","@id":"https:\/\/www.diejungenoriginaloberkrainer.com\/musikband\/#\/schema\/logo\/image\/","url":"https:\/\/www.diejungenoriginaloberkrainer.com\/musikband\/wp-content\/uploads\/2026\/02\/diejungenoriginaloberkraine.jpg","contentUrl":"https:\/\/www.diejungenoriginaloberkrainer.com\/musikband\/wp-content\/uploads\/2026\/02\/diejungenoriginaloberkraine.jpg","width":322,"height":104,"caption":"Die Jungen ORIGINAL OBERKRAINER"},"image":{"@id":"https:\/\/www.diejungenoriginaloberkrainer.com\/musikband\/#\/schema\/logo\/image\/"},"sameAs":["https:\/\/de-de.facebook.com\/diejungenoriginaloberkrainer\/","https:\/\/www.youtube.com\/channel\/UCADHLQAZsoYhE_ei5RC40Ug"]}]}},"_links":{"self":[{"href":"https:\/\/www.diejungenoriginaloberkrainer.com\/musikband\/wp-json\/wp\/v2\/pages\/8","targetHints":{"allow":["GET"]}}],"collection":[{"href":"https:\/\/www.diejungenoriginaloberkrainer.com\/musikband\/wp-json\/wp\/v2\/pages"}],"about":[{"href":"https:\/\/www.diejungenoriginaloberkrainer.com\/musikband\/wp-json\/wp\/v2\/types\/page"}],"author":[{"embeddable":true,"href":"https:\/\/www.diejungenoriginaloberkrainer.com\/musikband\/wp-json\/wp\/v2\/users\/1"}],"replies":[{"embeddable":true,"href":"https:\/\/www.diejungenoriginaloberkrainer.com\/musikband\/wp-json\/wp\/v2\/comments?post=8"}],"version-history":[{"count":11,"href":"https:\/\/www.diejungenoriginaloberkrainer.com\/musikband\/wp-json\/wp\/v2\/pages\/8\/revisions"}],"predecessor-version":[{"id":152,"href":"https:\/\/www.diejungenoriginaloberkrainer.com\/musikband\/wp-json\/wp\/v2\/pages\/8\/revisions\/152"}],"wp:featuredmedia":[{"embeddable":true,"href":"https:\/\/www.diejungenoriginaloberkrainer.com\/musikband\/wp-json\/wp\/v2\/media\/151"}],"wp:attachment":[{"href":"https:\/\/www.diejungenoriginaloberkrainer.com\/musikband\/wp-json\/wp\/v2\/media?parent=8"}],"curies":[{"name":"wp","href":"https:\/\/api.w.org\/{rel}","templated":true}]}}