{"id":137,"date":"2023-04-21T15:24:20","date_gmt":"2023-04-21T13:24:20","guid":{"rendered":"https:\/\/www.diejungenoriginaloberkrainer.com\/musikband\/?page_id=137"},"modified":"2026-03-26T20:39:35","modified_gmt":"2026-03-26T19:39:35","slug":"impressum","status":"publish","type":"page","link":"https:\/\/www.diejungenoriginaloberkrainer.com\/musikband\/impressum\/","title":{"rendered":"Impressum"},"content":{"rendered":"\n<h2 class=\"wp-block-heading\"><\/h2>\n\n\n\n<p><strong>Herausgeber:<\/strong><\/p>\n\n\n\n<p>Die Jungen Original Oberkrainer<\/p>\n\n\n\n<p><strong>Vertreten durch:<\/strong><\/p>\n\n\n\n<p>Toma\u017e Hribar<\/p>\n\n\n\n<p>Breg ob Kokri 4<\/p>\n\n\n\n<p>4205 Preddvor<\/p>\n\n\n\n<p>Slowenien<\/p>\n\n\n\n<p>Tel.: 00386 51 344 010<\/p>\n\n\n\n<p>E-Mail: management@diejungenoriginaloberkrainer.com<\/p>\n\n\n\n<p><strong>Internet<\/strong><br>Konzeption und Realisierung<br>AP5 webdesign<br><a href=\"http:\/\/www.agentur-rubel.de\/\" target=\"_blank\" rel=\"noreferrer noopener\">www.webdesign-homepage-gestaltung.de<\/a><\/p>\n\n\n\n<p><strong>Haftung f\u00fcr Inhalte und Links<\/strong><\/p>\n\n\n\n<p>Die Jungen Original Oberkrainer pr\u00fcfen und aktualisieren die Informationen auf ihren Webseiten laufend. Trotz aller Sorgfalt k\u00f6nnen sich Angaben und die ihnen zugrundeliegenden Sachverhalte im Laufe der Zeit ver\u00e4ndert haben. Eine Haftung oder Garantie f\u00fcr die Aktualit\u00e4t, Richtigkeit und Vollst\u00e4ndigkeit der zur Verf\u00fcgung gestellten Informationen k\u00f6nnen wir daher nicht \u00fcbernehmen.<\/p>\n\n\n\n<p>Gleiches gilt f\u00fcr alle weiteren Webseiten, auf die mittels Link verwiesen wird. Die Verantwortung f\u00fcr Inhalt und Gestaltung dieser Seiten liegt beim jeweiligen Anbieter. Die verlinkten Seiten wurden zum Zeitpunkt der Verlinkung auf m\u00f6gliche Rechtsverst\u00f6\u00dfe \u00fcberpr\u00fcft. Rechtswidrige Inhalte waren zum Zeitpunkt der Verlinkung nicht erkennbar. Bei Bekanntwerden von Rechtsverletzungen werden wir derartige Links umgehend entfernen.<\/p>\n\n\n\n<p><strong>Urheberrecht<\/strong><\/p>\n\n\n\n<p>Inhalt und Gestaltung der Internet-Seiten sind urheberrechtlich gesch\u00fctzt. Eine Vervielf\u00e4ltigung der Seiten oder ihrer Inhalte bedarf der vorherigen schriftlichen Zustimmung der Jungen Original Oberkrainer soweit die Vervielf\u00e4ltigung nicht ohnehin gesetzlich gestattet ist. Downloads und Kopien dieser Seite sind nur f\u00fcr den privaten, nicht kommerziellen Gebrauch gestattet. Soweit die Inhalte auf dieser Seite nicht vom Betreiber erstellt wurden, werden die Urheberrechte Dritter beachtet. Insbesondere werden Inhalte Dritter als solche gekennzeichnet. Sollten Sie trotzdem auf eine Urheberrechtsverletzung aufmerksam werden, bitten wir um einen entsprechenden Hinweis. Bei Bekanntwerden von Rechtsverletzungen werden wir derartige Inhalte umgehend entfernen.<\/p>\n\n\n\n<p><strong>Datenschutz<\/strong><\/p>\n\n\n\n<p>Die Nutzung unserer Webseite ist in der Regel ohne Angabe personenbezogener Daten m\u00f6glich. Soweit auf unseren Seiten personenbezogene Daten (beispielsweise Name, E-Mail Adresse, Telefonnummer) erhoben werden, erfolgt dies, soweit m\u00f6glich, stets auf freiwilliger Basis. Diese Daten werden ohne Ihre ausdr\u00fcckliche Zustimmung nicht an Dritte weitergegeben.<br><br>Wir nehmen den Schutz der pers\u00f6nlichen Daten unserer Kunden und Besucher sehr ernst. Wir m\u00f6chten, dass Sie als Nutzer wissen, was mit Ihren Daten geschieht. Hierzu erfahren Sie mehr in unseren&nbsp;<a href=\"https:\/\/www.diejungenoriginaloberkrainer.com\/\/datenschutz\" target=\"_blank\" rel=\"noreferrer noopener\">Datenschutzbestimmungen &gt;.<\/a><\/p>\n\n\n\n<p><strong>Bildnachweis<\/strong><\/p>\n\n\n\n<p>Die Jungen Original Oberkrainer<\/p>\n","protected":false},"excerpt":{"rendered":"<p>Herausgeber: Die Jungen Original Oberkrainer Vertreten durch: Toma\u017e Hribar Breg ob Kokri 4 4205 Preddvor Slowenien Tel.: 00386 51 344 010 E-Mail: management@diejungenoriginaloberkrainer.com InternetKonzeption und RealisierungAP5 webdesignwww.webdesign-homepage-gestaltung.de Haftung f\u00fcr Inhalte und Links Die Jungen Original Oberkrainer pr\u00fcfen und aktualisieren die Informationen auf ihren Webseiten laufend. Trotz aller Sorgfalt k\u00f6nnen sich Angaben und die ihnen zugrundeliegenden &hellip; <\/p>\n<p class=\"link-more\"><a href=\"https:\/\/www.diejungenoriginaloberkrainer.com\/musikband\/impressum\/\" class=\"more-link\"><span class=\"screen-reader-text\">\u201eImpressum\u201c <\/span>weiterlesen<\/a><\/p>\n","protected":false},"author":1,"featured_media":0,"parent":0,"menu_order":0,"comment_status":"closed","ping_status":"closed","template":"","meta":{"footnotes":""},"class_list":["post-137","page","type-page","status-publish","hentry"],"yoast_head":"<!-- This site is optimized with the Yoast SEO plugin v27.0 - https:\/\/yoast.com\/product\/yoast-seo-wordpress\/ -->\n<title>Impressum - Die Jungen ORIGINAL OBERKRAINER<\/title>\n<meta name=\"robots\" content=\"index, follow, max-snippet:-1, max-image-preview:large, max-video-preview:-1\" \/>\n<link rel=\"canonical\" href=\"https:\/\/www.diejungenoriginaloberkrainer.com\/musikband\/impressum\/\" \/>\n<meta property=\"og:locale\" content=\"de_DE\" \/>\n<meta property=\"og:type\" content=\"article\" \/>\n<meta property=\"og:title\" content=\"Impressum - Die Jungen ORIGINAL OBERKRAINER\" \/>\n<meta property=\"og:description\" content=\"Herausgeber: Die Jungen Original Oberkrainer Vertreten durch: Toma\u017e Hribar Breg ob Kokri 4 4205 Preddvor Slowenien Tel.: 00386 51 344 010 E-Mail: management@diejungenoriginaloberkrainer.com InternetKonzeption und RealisierungAP5 webdesignwww.webdesign-homepage-gestaltung.de Haftung f\u00fcr Inhalte und Links Die Jungen Original Oberkrainer pr\u00fcfen und aktualisieren die Informationen auf ihren Webseiten laufend. Trotz aller Sorgfalt k\u00f6nnen sich Angaben und die ihnen zugrundeliegenden &hellip; \u201eImpressum\u201c weiterlesen\" \/>\n<meta property=\"og:url\" content=\"https:\/\/www.diejungenoriginaloberkrainer.com\/musikband\/impressum\/\" \/>\n<meta property=\"og:site_name\" content=\"Die Jungen ORIGINAL OBERKRAINER\" \/>\n<meta property=\"article:publisher\" content=\"https:\/\/de-de.facebook.com\/diejungenoriginaloberkrainer\/\" \/>\n<meta property=\"article:modified_time\" content=\"2026-03-26T19:39:35+00:00\" \/>\n<meta name=\"twitter:card\" content=\"summary_large_image\" \/>\n<meta name=\"twitter:label1\" content=\"Gesch\u00e4tzte Lesezeit\" \/>\n\t<meta name=\"twitter:data1\" content=\"2\u00a0Minuten\" \/>\n<script type=\"application\/ld+json\" class=\"yoast-schema-graph\">{\"@context\":\"https:\/\/schema.org\",\"@graph\":[{\"@type\":\"WebPage\",\"@id\":\"https:\/\/www.diejungenoriginaloberkrainer.com\/musikband\/impressum\/\",\"url\":\"https:\/\/www.diejungenoriginaloberkrainer.com\/musikband\/impressum\/\",\"name\":\"Impressum - Die Jungen ORIGINAL OBERKRAINER\",\"isPartOf\":{\"@id\":\"https:\/\/www.diejungenoriginaloberkrainer.com\/musikband\/#website\"},\"datePublished\":\"2023-04-21T13:24:20+00:00\",\"dateModified\":\"2026-03-26T19:39:35+00:00\",\"breadcrumb\":{\"@id\":\"https:\/\/www.diejungenoriginaloberkrainer.com\/musikband\/impressum\/#breadcrumb\"},\"inLanguage\":\"de\",\"potentialAction\":[{\"@type\":\"ReadAction\",\"target\":[\"https:\/\/www.diejungenoriginaloberkrainer.com\/musikband\/impressum\/\"]}]},{\"@type\":\"BreadcrumbList\",\"@id\":\"https:\/\/www.diejungenoriginaloberkrainer.com\/musikband\/impressum\/#breadcrumb\",\"itemListElement\":[{\"@type\":\"ListItem\",\"position\":1,\"name\":\"Start\",\"item\":\"https:\/\/www.diejungenoriginaloberkrainer.com\/musikband\/\"},{\"@type\":\"ListItem\",\"position\":2,\"name\":\"Impressum\"}]},{\"@type\":\"WebSite\",\"@id\":\"https:\/\/www.diejungenoriginaloberkrainer.com\/musikband\/#website\",\"url\":\"https:\/\/www.diejungenoriginaloberkrainer.com\/musikband\/\",\"name\":\"Die Jungen ORIGINAL OBERKRAINER\",\"description\":\"Kultband aus Slowenien\",\"publisher\":{\"@id\":\"https:\/\/www.diejungenoriginaloberkrainer.com\/musikband\/#organization\"},\"potentialAction\":[{\"@type\":\"SearchAction\",\"target\":{\"@type\":\"EntryPoint\",\"urlTemplate\":\"https:\/\/www.diejungenoriginaloberkrainer.com\/musikband\/?s={search_term_string}\"},\"query-input\":{\"@type\":\"PropertyValueSpecification\",\"valueRequired\":true,\"valueName\":\"search_term_string\"}}],\"inLanguage\":\"de\"},{\"@type\":\"Organization\",\"@id\":\"https:\/\/www.diejungenoriginaloberkrainer.com\/musikband\/#organization\",\"name\":\"Die Jungen ORIGINAL OBERKRAINER\",\"url\":\"https:\/\/www.diejungenoriginaloberkrainer.com\/musikband\/\",\"logo\":{\"@type\":\"ImageObject\",\"inLanguage\":\"de\",\"@id\":\"https:\/\/www.diejungenoriginaloberkrainer.com\/musikband\/#\/schema\/logo\/image\/\",\"url\":\"https:\/\/www.diejungenoriginaloberkrainer.com\/musikband\/wp-content\/uploads\/2026\/02\/diejungenoriginaloberkraine.jpg\",\"contentUrl\":\"https:\/\/www.diejungenoriginaloberkrainer.com\/musikband\/wp-content\/uploads\/2026\/02\/diejungenoriginaloberkraine.jpg\",\"width\":322,\"height\":104,\"caption\":\"Die Jungen ORIGINAL OBERKRAINER\"},\"image\":{\"@id\":\"https:\/\/www.diejungenoriginaloberkrainer.com\/musikband\/#\/schema\/logo\/image\/\"},\"sameAs\":[\"https:\/\/de-de.facebook.com\/diejungenoriginaloberkrainer\/\",\"https:\/\/www.youtube.com\/channel\/UCADHLQAZsoYhE_ei5RC40Ug\"]}]}<\/script>\n<!-- \/ Yoast SEO plugin. -->","yoast_head_json":{"title":"Impressum - Die Jungen ORIGINAL OBERKRAINER","robots":{"index":"index","follow":"follow","max-snippet":"max-snippet:-1","max-image-preview":"max-image-preview:large","max-video-preview":"max-video-preview:-1"},"canonical":"https:\/\/www.diejungenoriginaloberkrainer.com\/musikband\/impressum\/","og_locale":"de_DE","og_type":"article","og_title":"Impressum - Die Jungen ORIGINAL OBERKRAINER","og_description":"Herausgeber: Die Jungen Original Oberkrainer Vertreten durch: Toma\u017e Hribar Breg ob Kokri 4 4205 Preddvor Slowenien Tel.: 00386 51 344 010 E-Mail: management@diejungenoriginaloberkrainer.com InternetKonzeption und RealisierungAP5 webdesignwww.webdesign-homepage-gestaltung.de Haftung f\u00fcr Inhalte und Links Die Jungen Original Oberkrainer pr\u00fcfen und aktualisieren die Informationen auf ihren Webseiten laufend. Trotz aller Sorgfalt k\u00f6nnen sich Angaben und die ihnen zugrundeliegenden &hellip; \u201eImpressum\u201c weiterlesen","og_url":"https:\/\/www.diejungenoriginaloberkrainer.com\/musikband\/impressum\/","og_site_name":"Die Jungen ORIGINAL OBERKRAINER","article_publisher":"https:\/\/de-de.facebook.com\/diejungenoriginaloberkrainer\/","article_modified_time":"2026-03-26T19:39:35+00:00","twitter_card":"summary_large_image","twitter_misc":{"Gesch\u00e4tzte Lesezeit":"2\u00a0Minuten"},"schema":{"@context":"https:\/\/schema.org","@graph":[{"@type":"WebPage","@id":"https:\/\/www.diejungenoriginaloberkrainer.com\/musikband\/impressum\/","url":"https:\/\/www.diejungenoriginaloberkrainer.com\/musikband\/impressum\/","name":"Impressum - Die Jungen ORIGINAL OBERKRAINER","isPartOf":{"@id":"https:\/\/www.diejungenoriginaloberkrainer.com\/musikband\/#website"},"datePublished":"2023-04-21T13:24:20+00:00","dateModified":"2026-03-26T19:39:35+00:00","breadcrumb":{"@id":"https:\/\/www.diejungenoriginaloberkrainer.com\/musikband\/impressum\/#breadcrumb"},"inLanguage":"de","potentialAction":[{"@type":"ReadAction","target":["https:\/\/www.diejungenoriginaloberkrainer.com\/musikband\/impressum\/"]}]},{"@type":"BreadcrumbList","@id":"https:\/\/www.diejungenoriginaloberkrainer.com\/musikband\/impressum\/#breadcrumb","itemListElement":[{"@type":"ListItem","position":1,"name":"Start","item":"https:\/\/www.diejungenoriginaloberkrainer.com\/musikband\/"},{"@type":"ListItem","position":2,"name":"Impressum"}]},{"@type":"WebSite","@id":"https:\/\/www.diejungenoriginaloberkrainer.com\/musikband\/#website","url":"https:\/\/www.diejungenoriginaloberkrainer.com\/musikband\/","name":"Die Jungen ORIGINAL OBERKRAINER","description":"Kultband aus Slowenien","publisher":{"@id":"https:\/\/www.diejungenoriginaloberkrainer.com\/musikband\/#organization"},"potentialAction":[{"@type":"SearchAction","target":{"@type":"EntryPoint","urlTemplate":"https:\/\/www.diejungenoriginaloberkrainer.com\/musikband\/?s={search_term_string}"},"query-input":{"@type":"PropertyValueSpecification","valueRequired":true,"valueName":"search_term_string"}}],"inLanguage":"de"},{"@type":"Organization","@id":"https:\/\/www.diejungenoriginaloberkrainer.com\/musikband\/#organization","name":"Die Jungen ORIGINAL OBERKRAINER","url":"https:\/\/www.diejungenoriginaloberkrainer.com\/musikband\/","logo":{"@type":"ImageObject","inLanguage":"de","@id":"https:\/\/www.diejungenoriginaloberkrainer.com\/musikband\/#\/schema\/logo\/image\/","url":"https:\/\/www.diejungenoriginaloberkrainer.com\/musikband\/wp-content\/uploads\/2026\/02\/diejungenoriginaloberkraine.jpg","contentUrl":"https:\/\/www.diejungenoriginaloberkrainer.com\/musikband\/wp-content\/uploads\/2026\/02\/diejungenoriginaloberkraine.jpg","width":322,"height":104,"caption":"Die Jungen ORIGINAL OBERKRAINER"},"image":{"@id":"https:\/\/www.diejungenoriginaloberkrainer.com\/musikband\/#\/schema\/logo\/image\/"},"sameAs":["https:\/\/de-de.facebook.com\/diejungenoriginaloberkrainer\/","https:\/\/www.youtube.com\/channel\/UCADHLQAZsoYhE_ei5RC40Ug"]}]}},"_links":{"self":[{"href":"https:\/\/www.diejungenoriginaloberkrainer.com\/musikband\/wp-json\/wp\/v2\/pages\/137","targetHints":{"allow":["GET"]}}],"collection":[{"href":"https:\/\/www.diejungenoriginaloberkrainer.com\/musikband\/wp-json\/wp\/v2\/pages"}],"about":[{"href":"https:\/\/www.diejungenoriginaloberkrainer.com\/musikband\/wp-json\/wp\/v2\/types\/page"}],"author":[{"embeddable":true,"href":"https:\/\/www.diejungenoriginaloberkrainer.com\/musikband\/wp-json\/wp\/v2\/users\/1"}],"replies":[{"embeddable":true,"href":"https:\/\/www.diejungenoriginaloberkrainer.com\/musikband\/wp-json\/wp\/v2\/comments?post=137"}],"version-history":[{"count":2,"href":"https:\/\/www.diejungenoriginaloberkrainer.com\/musikband\/wp-json\/wp\/v2\/pages\/137\/revisions"}],"predecessor-version":[{"id":163,"href":"https:\/\/www.diejungenoriginaloberkrainer.com\/musikband\/wp-json\/wp\/v2\/pages\/137\/revisions\/163"}],"wp:attachment":[{"href":"https:\/\/www.diejungenoriginaloberkrainer.com\/musikband\/wp-json\/wp\/v2\/media?parent=137"}],"curies":[{"name":"wp","href":"https:\/\/api.w.org\/{rel}","templated":true}]}}